{"id":19275,"date":"2023-12-08T09:43:36","date_gmt":"2023-12-08T09:46:46","guid":{"rendered":"https:\/\/www.rem-power.com\/?post_type=product&#038;p=19275"},"modified":"2026-04-15T00:03:18","modified_gmt":"2026-04-15T00:03:18","slug":"mci-5014","status":"publish","type":"product","link":"https:\/\/www.rem-power.com\/sl\/trgovina\/mci-5014\/","title":{"rendered":"MCI 5014"},"content":{"rendered":"","protected":false},"excerpt":{"rendered":"<p>Sesalnik za suho in mokro sesanje<\/p>\n<p>\u2022 Primeren za suho in mokro \u010di\u0161\u010denje<br \/>\n\u2022 Industrijski motor<br \/>\n\u2022 Inox posoda s kapaciteto 50 litrov<br \/>\n\u2022 Ergonomski rocaj za la\u017eji prenos in kolesa za la\u017eji transport<br \/>\nProstor za opremo<br \/>\n\u2022 Drsnik za ci\u0161cenje filtra<br \/>\n\u2022 Funkcije izpihovanja na hrbtni strani<br \/>\n\u2022 Funkcija praznjenja<br \/>\n\u2022 Izpust vode<\/p>\n","protected":false},"featured_media":19272,"comment_status":"open","ping_status":"closed","template":"","meta":[],"product_cat":[248],"product_tag":[],"yoast_head":"<!-- This site is optimized with the Yoast SEO plugin v20.10 - https:\/\/yoast.com\/wordpress\/plugins\/seo\/ -->\n<title>MCI 5014 - REM Power<\/title>\n<meta name=\"robots\" content=\"index, follow, max-snippet:-1, max-image-preview:large, max-video-preview:-1\" \/>\n<link rel=\"canonical\" href=\"https:\/\/www.rem-power.com\/sl\/trgovina\/mci-5014\/\" \/>\n<meta property=\"og:locale\" content=\"sl_SI\" \/>\n<meta property=\"og:type\" content=\"article\" \/>\n<meta property=\"og:title\" content=\"MCI 5014 - REM Power\" \/>\n<meta property=\"og:description\" content=\"Sesalnik za suho in mokro sesanje \u2022 Primeren za suho in mokro \u010di\u0161\u010denje \u2022 Industrijski motor \u2022 Inox posoda s kapaciteto 50 litrov \u2022 Ergonomski rocaj za la\u017eji prenos in kolesa za la\u017eji transport Prostor za opremo \u2022 Drsnik za ci\u0161cenje filtra \u2022 Funkcije izpihovanja na hrbtni strani \u2022 Funkcija praznjenja \u2022 Izpust vode\" \/>\n<meta property=\"og:url\" content=\"https:\/\/www.rem-power.com\/sl\/trgovina\/mci-5014\/\" \/>\n<meta property=\"og:site_name\" content=\"REM Power\" \/>\n<meta property=\"article:publisher\" content=\"https:\/\/www.facebook.com\/Rempowerinternational\/\" \/>\n<meta property=\"article:modified_time\" content=\"2026-04-15T00:03:18+00:00\" \/>\n<meta property=\"og:image\" content=\"https:\/\/www.rem-power.com\/wp-content\/uploads\/2023\/12\/MCI-5014.jpg\" \/>\n\t<meta property=\"og:image:width\" content=\"707\" \/>\n\t<meta property=\"og:image:height\" content=\"1000\" \/>\n\t<meta property=\"og:image:type\" content=\"image\/jpeg\" \/>\n<meta name=\"twitter:card\" content=\"summary_large_image\" \/>\n<script type=\"application\/ld+json\" class=\"yoast-schema-graph\">{\"@context\":\"https:\/\/schema.org\",\"@graph\":[{\"@type\":\"WebPage\",\"@id\":\"https:\/\/www.rem-power.com\/sl\/trgovina\/mci-5014\/\",\"url\":\"https:\/\/www.rem-power.com\/sl\/trgovina\/mci-5014\/\",\"name\":\"MCI 5014 - REM Power\",\"isPartOf\":{\"@id\":\"https:\/\/www.rem-power.com\/sl\/#website\"},\"datePublished\":\"2023-12-08T09:46:46+00:00\",\"dateModified\":\"2026-04-15T00:03:18+00:00\",\"breadcrumb\":{\"@id\":\"https:\/\/www.rem-power.com\/sl\/trgovina\/mci-5014\/#breadcrumb\"},\"inLanguage\":\"sl-SI\",\"potentialAction\":[{\"@type\":\"ReadAction\",\"target\":[\"https:\/\/www.rem-power.com\/sl\/trgovina\/mci-5014\/\"]}]},{\"@type\":\"BreadcrumbList\",\"@id\":\"https:\/\/www.rem-power.com\/sl\/trgovina\/mci-5014\/#breadcrumb\",\"itemListElement\":[{\"@type\":\"ListItem\",\"position\":1,\"name\":\"Home\",\"item\":\"https:\/\/www.rem-power.com\/sl\/domov\/\"},{\"@type\":\"ListItem\",\"position\":2,\"name\":\"Trgovina\",\"item\":\"https:\/\/www.rem-power.com\/sl\/trgovina\/\"},{\"@type\":\"ListItem\",\"position\":3,\"name\":\"MCI 5014\"}]},{\"@type\":\"WebSite\",\"@id\":\"https:\/\/www.rem-power.com\/sl\/#website\",\"url\":\"https:\/\/www.rem-power.com\/sl\/\",\"name\":\"REM Power\",\"description\":\"We Have The Tools. You Have The Power\",\"publisher\":{\"@id\":\"https:\/\/www.rem-power.com\/sl\/#organization\"},\"potentialAction\":[{\"@type\":\"SearchAction\",\"target\":{\"@type\":\"EntryPoint\",\"urlTemplate\":\"https:\/\/www.rem-power.com\/sl\/?s={search_term_string}\"},\"query-input\":\"required name=search_term_string\"}],\"inLanguage\":\"sl-SI\"},{\"@type\":\"Organization\",\"@id\":\"https:\/\/www.rem-power.com\/sl\/#organization\",\"name\":\"REM Power\",\"url\":\"https:\/\/www.rem-power.com\/sl\/\",\"logo\":{\"@type\":\"ImageObject\",\"inLanguage\":\"sl-SI\",\"@id\":\"https:\/\/www.rem-power.com\/sl\/#\/schema\/logo\/image\/\",\"url\":\"https:\/\/www.rem-power.com\/wp-content\/uploads\/2020\/07\/rem-logo-blue.png\",\"contentUrl\":\"https:\/\/www.rem-power.com\/wp-content\/uploads\/2020\/07\/rem-logo-blue.png\",\"width\":280,\"height\":48,\"caption\":\"REM Power\"},\"image\":{\"@id\":\"https:\/\/www.rem-power.com\/sl\/#\/schema\/logo\/image\/\"},\"sameAs\":[\"https:\/\/www.facebook.com\/Rempowerinternational\/\",\"https:\/\/www.youtube.com\/channel\/UCpb2fewovXjJmaXqRIrB0iw\",\"https:\/\/www.instagram.com\/rem_power\/\"]}]}<\/script>\n<!-- \/ Yoast SEO plugin. -->","yoast_head_json":{"title":"MCI 5014 - REM Power","robots":{"index":"index","follow":"follow","max-snippet":"max-snippet:-1","max-image-preview":"max-image-preview:large","max-video-preview":"max-video-preview:-1"},"canonical":"https:\/\/www.rem-power.com\/sl\/trgovina\/mci-5014\/","og_locale":"sl_SI","og_type":"article","og_title":"MCI 5014 - REM Power","og_description":"Sesalnik za suho in mokro sesanje \u2022 Primeren za suho in mokro \u010di\u0161\u010denje \u2022 Industrijski motor \u2022 Inox posoda s kapaciteto 50 litrov \u2022 Ergonomski rocaj za la\u017eji prenos in kolesa za la\u017eji transport Prostor za opremo \u2022 Drsnik za ci\u0161cenje filtra \u2022 Funkcije izpihovanja na hrbtni strani \u2022 Funkcija praznjenja \u2022 Izpust vode","og_url":"https:\/\/www.rem-power.com\/sl\/trgovina\/mci-5014\/","og_site_name":"REM Power","article_publisher":"https:\/\/www.facebook.com\/Rempowerinternational\/","article_modified_time":"2026-04-15T00:03:18+00:00","og_image":[{"width":707,"height":1000,"url":"https:\/\/www.rem-power.com\/wp-content\/uploads\/2023\/12\/MCI-5014.jpg","type":"image\/jpeg"}],"twitter_card":"summary_large_image","schema":{"@context":"https:\/\/schema.org","@graph":[{"@type":"WebPage","@id":"https:\/\/www.rem-power.com\/sl\/trgovina\/mci-5014\/","url":"https:\/\/www.rem-power.com\/sl\/trgovina\/mci-5014\/","name":"MCI 5014 - REM Power","isPartOf":{"@id":"https:\/\/www.rem-power.com\/sl\/#website"},"datePublished":"2023-12-08T09:46:46+00:00","dateModified":"2026-04-15T00:03:18+00:00","breadcrumb":{"@id":"https:\/\/www.rem-power.com\/sl\/trgovina\/mci-5014\/#breadcrumb"},"inLanguage":"sl-SI","potentialAction":[{"@type":"ReadAction","target":["https:\/\/www.rem-power.com\/sl\/trgovina\/mci-5014\/"]}]},{"@type":"BreadcrumbList","@id":"https:\/\/www.rem-power.com\/sl\/trgovina\/mci-5014\/#breadcrumb","itemListElement":[{"@type":"ListItem","position":1,"name":"Home","item":"https:\/\/www.rem-power.com\/sl\/domov\/"},{"@type":"ListItem","position":2,"name":"Trgovina","item":"https:\/\/www.rem-power.com\/sl\/trgovina\/"},{"@type":"ListItem","position":3,"name":"MCI 5014"}]},{"@type":"WebSite","@id":"https:\/\/www.rem-power.com\/sl\/#website","url":"https:\/\/www.rem-power.com\/sl\/","name":"REM Power","description":"We Have The Tools. You Have The Power","publisher":{"@id":"https:\/\/www.rem-power.com\/sl\/#organization"},"potentialAction":[{"@type":"SearchAction","target":{"@type":"EntryPoint","urlTemplate":"https:\/\/www.rem-power.com\/sl\/?s={search_term_string}"},"query-input":"required name=search_term_string"}],"inLanguage":"sl-SI"},{"@type":"Organization","@id":"https:\/\/www.rem-power.com\/sl\/#organization","name":"REM Power","url":"https:\/\/www.rem-power.com\/sl\/","logo":{"@type":"ImageObject","inLanguage":"sl-SI","@id":"https:\/\/www.rem-power.com\/sl\/#\/schema\/logo\/image\/","url":"https:\/\/www.rem-power.com\/wp-content\/uploads\/2020\/07\/rem-logo-blue.png","contentUrl":"https:\/\/www.rem-power.com\/wp-content\/uploads\/2020\/07\/rem-logo-blue.png","width":280,"height":48,"caption":"REM Power"},"image":{"@id":"https:\/\/www.rem-power.com\/sl\/#\/schema\/logo\/image\/"},"sameAs":["https:\/\/www.facebook.com\/Rempowerinternational\/","https:\/\/www.youtube.com\/channel\/UCpb2fewovXjJmaXqRIrB0iw","https:\/\/www.instagram.com\/rem_power\/"]}]}},"_links":{"self":[{"href":"https:\/\/www.rem-power.com\/sl\/wp-json\/wp\/v2\/product\/19275"}],"collection":[{"href":"https:\/\/www.rem-power.com\/sl\/wp-json\/wp\/v2\/product"}],"about":[{"href":"https:\/\/www.rem-power.com\/sl\/wp-json\/wp\/v2\/types\/product"}],"replies":[{"embeddable":true,"href":"https:\/\/www.rem-power.com\/sl\/wp-json\/wp\/v2\/comments?post=19275"}],"version-history":[{"count":2,"href":"https:\/\/www.rem-power.com\/sl\/wp-json\/wp\/v2\/product\/19275\/revisions"}],"predecessor-version":[{"id":19279,"href":"https:\/\/www.rem-power.com\/sl\/wp-json\/wp\/v2\/product\/19275\/revisions\/19279"}],"wp:featuredmedia":[{"embeddable":true,"href":"https:\/\/www.rem-power.com\/sl\/wp-json\/wp\/v2\/media\/19272"}],"wp:attachment":[{"href":"https:\/\/www.rem-power.com\/sl\/wp-json\/wp\/v2\/media?parent=19275"}],"wp:term":[{"taxonomy":"product_cat","embeddable":true,"href":"https:\/\/www.rem-power.com\/sl\/wp-json\/wp\/v2\/product_cat?post=19275"},{"taxonomy":"product_tag","embeddable":true,"href":"https:\/\/www.rem-power.com\/sl\/wp-json\/wp\/v2\/product_tag?post=19275"}],"curies":[{"name":"wp","href":"https:\/\/api.w.org\/{rel}","templated":true}]}}