{"id":13350,"date":"2022-05-05T14:55:17","date_gmt":"2022-05-05T14:55:17","guid":{"rendered":"https:\/\/imode3.info\/rem\/seznam-zelja\/"},"modified":"2022-05-05T14:55:17","modified_gmt":"2022-05-05T14:55:17","slug":"seznam-zelja","status":"publish","type":"page","link":"https:\/\/www.rem-power.com\/sl\/seznam-zelja\/","title":{"rendered":"Seznam \u017eelja"},"content":{"rendered":"\t\t<div data-elementor-type=\"wp-page\" data-elementor-id=\"13350\" class=\"elementor elementor-13350 elementor-951\" data-elementor-post-type=\"page\">\n\t\t\t\t\t\t\t\t\t<section class=\"elementor-section elementor-top-section elementor-element elementor-element-dece00a elementor-section-boxed elementor-section-height-default elementor-section-height-default\" data-id=\"dece00a\" data-element_type=\"section\">\n\t\t\t\t\t\t<div class=\"elementor-container elementor-column-gap-no\">\n\t\t\t\t\t<div class=\"elementor-column elementor-col-100 elementor-top-column elementor-element elementor-element-107d485\" data-id=\"107d485\" data-element_type=\"column\">\n\t\t\t<div class=\"elementor-widget-wrap elementor-element-populated\">\n\t\t\t\t\t\t\t\t<div class=\"elementor-element elementor-element-a680a6d elementor-widget elementor-widget-heading\" data-id=\"a680a6d\" data-element_type=\"widget\" data-widget_type=\"heading.default\">\n\t\t\t\t<div class=\"elementor-widget-container\">\n\t\t\t<style>\/*! elementor - v3.14.0 - 26-06-2023 *\/\n.elementor-heading-title{padding:0;margin:0;line-height:1}.elementor-widget-heading .elementor-heading-title[class*=elementor-size-]>a{color:inherit;font-size:inherit;line-height:inherit}.elementor-widget-heading .elementor-heading-title.elementor-size-small{font-size:15px}.elementor-widget-heading .elementor-heading-title.elementor-size-medium{font-size:19px}.elementor-widget-heading .elementor-heading-title.elementor-size-large{font-size:29px}.elementor-widget-heading .elementor-heading-title.elementor-size-xl{font-size:39px}.elementor-widget-heading .elementor-heading-title.elementor-size-xxl{font-size:59px}<\/style><h2 class=\"elementor-heading-title elementor-size-default\">Moj seznam \u017eelja<\/h2>\t\t<\/div>\n\t\t\t\t<\/div>\n\t\t\t\t<div class=\"elementor-element elementor-element-9db18f5 elementor-widget-mobile__width-initial elementor-widget elementor-widget-jet-wishlist\" data-id=\"9db18f5\" data-element_type=\"widget\" data-widget_type=\"jet-wishlist.default\">\n\t\t\t\t<div class=\"elementor-widget-container\">\n\t\t\t<div class=\"jet-wishlist jet-cw\">\t\t\t<div class=\"jet-wishlist__content woocommerce jet-wishlist-products--preset-1\" data-widget-type=\"jet-wishlist\" data-widget-id=\"9db18f5\">\n\t\t\t\t<h5 class=\"jet-wishlist-empty\">Seznam \u017eelja je prazen.<\/h5>\n\t\t\t<\/div>\n\t\t\t<\/div>\t\t<\/div>\n\t\t\t\t<\/div>\n\t\t\t\t\t<\/div>\n\t\t<\/div>\n\t\t\t\t\t\t\t<\/div>\n\t\t<\/section>\n\t\t\t\t\t\t\t<\/div>\n\t\t","protected":false},"excerpt":{"rendered":"<p>Moj seznam \u017eelja Seznam \u017eelja je prazen.<\/p>\n","protected":false},"author":1,"featured_media":0,"parent":0,"menu_order":0,"comment_status":"closed","ping_status":"closed","template":"elementor_header_footer","meta":[],"yoast_head":"<!-- This site is optimized with the Yoast SEO plugin v20.10 - https:\/\/yoast.com\/wordpress\/plugins\/seo\/ -->\n<title>Seznam \u017eelja - REM Power<\/title>\n<meta name=\"robots\" content=\"index, follow, max-snippet:-1, max-image-preview:large, max-video-preview:-1\" \/>\n<link rel=\"canonical\" href=\"https:\/\/www.rem-power.com\/sl\/seznam-zelja\/\" \/>\n<meta property=\"og:locale\" content=\"sl_SI\" \/>\n<meta property=\"og:type\" content=\"article\" \/>\n<meta property=\"og:title\" content=\"Seznam \u017eelja - REM Power\" \/>\n<meta property=\"og:description\" content=\"Moj seznam \u017eelja Seznam \u017eelja je prazen.\" \/>\n<meta property=\"og:url\" content=\"https:\/\/www.rem-power.com\/sl\/seznam-zelja\/\" \/>\n<meta property=\"og:site_name\" content=\"REM Power\" \/>\n<meta property=\"article:publisher\" content=\"https:\/\/www.facebook.com\/Rempowerinternational\/\" \/>\n<meta name=\"twitter:card\" content=\"summary_large_image\" \/>\n<script type=\"application\/ld+json\" class=\"yoast-schema-graph\">{\"@context\":\"https:\/\/schema.org\",\"@graph\":[{\"@type\":\"WebPage\",\"@id\":\"https:\/\/www.rem-power.com\/sl\/seznam-zelja\/\",\"url\":\"https:\/\/www.rem-power.com\/sl\/seznam-zelja\/\",\"name\":\"Seznam \u017eelja - REM Power\",\"isPartOf\":{\"@id\":\"https:\/\/www.rem-power.com\/sl\/#website\"},\"datePublished\":\"2022-05-05T14:55:17+00:00\",\"dateModified\":\"2022-05-05T14:55:17+00:00\",\"breadcrumb\":{\"@id\":\"https:\/\/www.rem-power.com\/sl\/seznam-zelja\/#breadcrumb\"},\"inLanguage\":\"sl-SI\",\"potentialAction\":[{\"@type\":\"ReadAction\",\"target\":[\"https:\/\/www.rem-power.com\/sl\/seznam-zelja\/\"]}]},{\"@type\":\"BreadcrumbList\",\"@id\":\"https:\/\/www.rem-power.com\/sl\/seznam-zelja\/#breadcrumb\",\"itemListElement\":[{\"@type\":\"ListItem\",\"position\":1,\"name\":\"Home\",\"item\":\"https:\/\/www.rem-power.com\/sl\/domov\/\"},{\"@type\":\"ListItem\",\"position\":2,\"name\":\"Seznam \u017eelja\"}]},{\"@type\":\"WebSite\",\"@id\":\"https:\/\/www.rem-power.com\/sl\/#website\",\"url\":\"https:\/\/www.rem-power.com\/sl\/\",\"name\":\"REM Power\",\"description\":\"We Have The Tools. You Have The Power\",\"publisher\":{\"@id\":\"https:\/\/www.rem-power.com\/sl\/#organization\"},\"potentialAction\":[{\"@type\":\"SearchAction\",\"target\":{\"@type\":\"EntryPoint\",\"urlTemplate\":\"https:\/\/www.rem-power.com\/sl\/?s={search_term_string}\"},\"query-input\":\"required name=search_term_string\"}],\"inLanguage\":\"sl-SI\"},{\"@type\":\"Organization\",\"@id\":\"https:\/\/www.rem-power.com\/sl\/#organization\",\"name\":\"REM Power\",\"url\":\"https:\/\/www.rem-power.com\/sl\/\",\"logo\":{\"@type\":\"ImageObject\",\"inLanguage\":\"sl-SI\",\"@id\":\"https:\/\/www.rem-power.com\/sl\/#\/schema\/logo\/image\/\",\"url\":\"https:\/\/www.rem-power.com\/wp-content\/uploads\/2020\/07\/rem-logo-blue.png\",\"contentUrl\":\"https:\/\/www.rem-power.com\/wp-content\/uploads\/2020\/07\/rem-logo-blue.png\",\"width\":280,\"height\":48,\"caption\":\"REM Power\"},\"image\":{\"@id\":\"https:\/\/www.rem-power.com\/sl\/#\/schema\/logo\/image\/\"},\"sameAs\":[\"https:\/\/www.facebook.com\/Rempowerinternational\/\",\"https:\/\/www.youtube.com\/channel\/UCpb2fewovXjJmaXqRIrB0iw\",\"https:\/\/www.instagram.com\/rem_power\/\"]}]}<\/script>\n<!-- \/ Yoast SEO plugin. -->","yoast_head_json":{"title":"Seznam \u017eelja - REM Power","robots":{"index":"index","follow":"follow","max-snippet":"max-snippet:-1","max-image-preview":"max-image-preview:large","max-video-preview":"max-video-preview:-1"},"canonical":"https:\/\/www.rem-power.com\/sl\/seznam-zelja\/","og_locale":"sl_SI","og_type":"article","og_title":"Seznam \u017eelja - REM Power","og_description":"Moj seznam \u017eelja Seznam \u017eelja je prazen.","og_url":"https:\/\/www.rem-power.com\/sl\/seznam-zelja\/","og_site_name":"REM Power","article_publisher":"https:\/\/www.facebook.com\/Rempowerinternational\/","twitter_card":"summary_large_image","schema":{"@context":"https:\/\/schema.org","@graph":[{"@type":"WebPage","@id":"https:\/\/www.rem-power.com\/sl\/seznam-zelja\/","url":"https:\/\/www.rem-power.com\/sl\/seznam-zelja\/","name":"Seznam \u017eelja - REM Power","isPartOf":{"@id":"https:\/\/www.rem-power.com\/sl\/#website"},"datePublished":"2022-05-05T14:55:17+00:00","dateModified":"2022-05-05T14:55:17+00:00","breadcrumb":{"@id":"https:\/\/www.rem-power.com\/sl\/seznam-zelja\/#breadcrumb"},"inLanguage":"sl-SI","potentialAction":[{"@type":"ReadAction","target":["https:\/\/www.rem-power.com\/sl\/seznam-zelja\/"]}]},{"@type":"BreadcrumbList","@id":"https:\/\/www.rem-power.com\/sl\/seznam-zelja\/#breadcrumb","itemListElement":[{"@type":"ListItem","position":1,"name":"Home","item":"https:\/\/www.rem-power.com\/sl\/domov\/"},{"@type":"ListItem","position":2,"name":"Seznam \u017eelja"}]},{"@type":"WebSite","@id":"https:\/\/www.rem-power.com\/sl\/#website","url":"https:\/\/www.rem-power.com\/sl\/","name":"REM Power","description":"We Have The Tools. You Have The Power","publisher":{"@id":"https:\/\/www.rem-power.com\/sl\/#organization"},"potentialAction":[{"@type":"SearchAction","target":{"@type":"EntryPoint","urlTemplate":"https:\/\/www.rem-power.com\/sl\/?s={search_term_string}"},"query-input":"required name=search_term_string"}],"inLanguage":"sl-SI"},{"@type":"Organization","@id":"https:\/\/www.rem-power.com\/sl\/#organization","name":"REM Power","url":"https:\/\/www.rem-power.com\/sl\/","logo":{"@type":"ImageObject","inLanguage":"sl-SI","@id":"https:\/\/www.rem-power.com\/sl\/#\/schema\/logo\/image\/","url":"https:\/\/www.rem-power.com\/wp-content\/uploads\/2020\/07\/rem-logo-blue.png","contentUrl":"https:\/\/www.rem-power.com\/wp-content\/uploads\/2020\/07\/rem-logo-blue.png","width":280,"height":48,"caption":"REM Power"},"image":{"@id":"https:\/\/www.rem-power.com\/sl\/#\/schema\/logo\/image\/"},"sameAs":["https:\/\/www.facebook.com\/Rempowerinternational\/","https:\/\/www.youtube.com\/channel\/UCpb2fewovXjJmaXqRIrB0iw","https:\/\/www.instagram.com\/rem_power\/"]}]}},"_links":{"self":[{"href":"https:\/\/www.rem-power.com\/sl\/wp-json\/wp\/v2\/pages\/13350"}],"collection":[{"href":"https:\/\/www.rem-power.com\/sl\/wp-json\/wp\/v2\/pages"}],"about":[{"href":"https:\/\/www.rem-power.com\/sl\/wp-json\/wp\/v2\/types\/page"}],"author":[{"embeddable":true,"href":"https:\/\/www.rem-power.com\/sl\/wp-json\/wp\/v2\/users\/1"}],"replies":[{"embeddable":true,"href":"https:\/\/www.rem-power.com\/sl\/wp-json\/wp\/v2\/comments?post=13350"}],"version-history":[{"count":0,"href":"https:\/\/www.rem-power.com\/sl\/wp-json\/wp\/v2\/pages\/13350\/revisions"}],"wp:attachment":[{"href":"https:\/\/www.rem-power.com\/sl\/wp-json\/wp\/v2\/media?parent=13350"}],"curies":[{"name":"wp","href":"https:\/\/api.w.org\/{rel}","templated":true}]}}